{"id":260,"date":"2022-11-18T19:15:56","date_gmt":"2022-11-18T19:15:56","guid":{"rendered":"https:\/\/drasuzanacarvalho.com.br\/site\/?page_id=260"},"modified":"2023-01-13T17:47:14","modified_gmt":"2023-01-13T17:47:14","slug":"procedimentos-esteticos","status":"publish","type":"page","link":"https:\/\/drasuzanacarvalho.com.br\/site\/procedimentos-esteticos\/","title":{"rendered":"Procedimentos Est\u00e9ticos"},"content":{"rendered":"\t\t<div data-elementor-type=\"wp-page\" data-elementor-id=\"260\" class=\"elementor elementor-260\" data-elementor-post-type=\"page\">\n\t\t\t\t\t\t\t\t\t<section class=\"elementor-section elementor-top-section elementor-element elementor-element-7501912 elementor-section-boxed elementor-section-height-default elementor-section-height-default\" data-id=\"7501912\" data-element_type=\"section\">\n\t\t\t\t\t\t<div class=\"elementor-container elementor-column-gap-default\">\n\t\t\t\t\t<div class=\"elementor-column elementor-col-100 elementor-top-column elementor-element elementor-element-d98b8cf\" data-id=\"d98b8cf\" data-element_type=\"column\">\n\t\t\t<div class=\"elementor-widget-wrap elementor-element-populated\">\n\t\t\t\t\t\t\t\t<div class=\"elementor-element elementor-element-f2f3359 elementor-widget elementor-widget-heading\" data-id=\"f2f3359\" data-element_type=\"widget\" data-widget_type=\"heading.default\">\n\t\t\t\t<div class=\"elementor-widget-container\">\n\t\t\t<style>\/*! elementor - v3.14.0 - 26-06-2023 *\/\n.elementor-heading-title{padding:0;margin:0;line-height:1}.elementor-widget-heading .elementor-heading-title[class*=elementor-size-]>a{color:inherit;font-size:inherit;line-height:inherit}.elementor-widget-heading .elementor-heading-title.elementor-size-small{font-size:15px}.elementor-widget-heading .elementor-heading-title.elementor-size-medium{font-size:19px}.elementor-widget-heading .elementor-heading-title.elementor-size-large{font-size:29px}.elementor-widget-heading .elementor-heading-title.elementor-size-xl{font-size:39px}.elementor-widget-heading .elementor-heading-title.elementor-size-xxl{font-size:59px}<\/style><h2 class=\"elementor-heading-title elementor-size-default\">Procedimentos Est\u00e9ticos<\/h2>\t\t<\/div>\n\t\t\t\t<\/div>\n\t\t\t\t\t<\/div>\n\t\t<\/div>\n\t\t\t\t\t\t\t<\/div>\n\t\t<\/section>\n\t\t\t\t<section class=\"elementor-section elementor-top-section elementor-element elementor-element-6c1e6d7c elementor-section-content-middle elementor-section-boxed elementor-section-height-default elementor-section-height-default\" data-id=\"6c1e6d7c\" data-element_type=\"section\" data-settings=\"{&quot;background_background&quot;:&quot;classic&quot;}\">\n\t\t\t\t\t\t<div class=\"elementor-container elementor-column-gap-no\">\n\t\t\t\t\t<div class=\"elementor-column elementor-col-50 elementor-top-column elementor-element elementor-element-70880f36\" data-id=\"70880f36\" data-element_type=\"column\">\n\t\t\t<div class=\"elementor-widget-wrap elementor-element-populated\">\n\t\t\t\t\t\t\t\t<div class=\"elementor-element elementor-element-49dcfabc elementor-widget elementor-widget-image\" data-id=\"49dcfabc\" data-element_type=\"widget\" data-widget_type=\"image.default\">\n\t\t\t\t<div class=\"elementor-widget-container\">\n\t\t\t<style>\/*! elementor - v3.14.0 - 26-06-2023 *\/\n.elementor-widget-image{text-align:center}.elementor-widget-image a{display:inline-block}.elementor-widget-image a img[src$=\".svg\"]{width:48px}.elementor-widget-image img{vertical-align:middle;display:inline-block}<\/style>\t\t\t\t\t\t\t\t\t\t\t\t<img loading=\"lazy\" decoding=\"async\" width=\"263\" height=\"270\" src=\"https:\/\/drasuzanacarvalho.com.br\/site\/wp-content\/uploads\/2022\/11\/d_botox.jpg\" class=\"attachment-full size-full wp-image-270\" alt=\"\" \/>\t\t\t\t\t\t\t\t\t\t\t\t\t\t\t<\/div>\n\t\t\t\t<\/div>\n\t\t\t\t\t<\/div>\n\t\t<\/div>\n\t\t\t\t<div class=\"elementor-column elementor-col-50 elementor-top-column elementor-element elementor-element-b06b2d1\" data-id=\"b06b2d1\" data-element_type=\"column\">\n\t\t\t<div class=\"elementor-widget-wrap elementor-element-populated\">\n\t\t\t\t\t\t\t\t<div class=\"elementor-element elementor-element-2cbe56d1 elementor-widget elementor-widget-heading\" data-id=\"2cbe56d1\" data-element_type=\"widget\" data-widget_type=\"heading.default\">\n\t\t\t\t<div class=\"elementor-widget-container\">\n\t\t\t<h4 class=\"elementor-heading-title elementor-size-default\">Toxina botul\u00ednica<\/h4>\t\t<\/div>\n\t\t\t\t<\/div>\n\t\t\t\t<div class=\"elementor-element elementor-element-365642d8 elementor-widget elementor-widget-text-editor\" data-id=\"365642d8\" data-element_type=\"widget\" data-widget_type=\"text-editor.default\">\n\t\t\t\t<div class=\"elementor-widget-container\">\n\t\t\t<style>\/*! elementor - v3.14.0 - 26-06-2023 *\/\n.elementor-widget-text-editor.elementor-drop-cap-view-stacked .elementor-drop-cap{background-color:#69727d;color:#fff}.elementor-widget-text-editor.elementor-drop-cap-view-framed .elementor-drop-cap{color:#69727d;border:3px solid;background-color:transparent}.elementor-widget-text-editor:not(.elementor-drop-cap-view-default) .elementor-drop-cap{margin-top:8px}.elementor-widget-text-editor:not(.elementor-drop-cap-view-default) .elementor-drop-cap-letter{width:1em;height:1em}.elementor-widget-text-editor .elementor-drop-cap{float:left;text-align:center;line-height:1;font-size:50px}.elementor-widget-text-editor .elementor-drop-cap-letter{display:inline-block}<\/style>\t\t\t\tRealizada para paralisar m\u00fasculos espec\u00edficos que contribuem para a forma\u00e7\u00e3o de rugas. Quando aplicado com t\u00e9cnica correta e sem exageros, fica natural e previne forma\u00e7\u00e3o das linhas de express\u00e3o, al\u00e9m de promover aquele aspecto de rosto descansado.\n\u00c9 um m\u00e9todo com efeito r\u00e1pido (in\u00edcio em 3 dias), seguro, e em geral a dura\u00e7\u00e3o varia entre 3 e 8 meses, dependendo da regi\u00e3o a ser tratada e a dose utilizada.\nINDICADO PARA:\n<br\/>\u2022 Suavizar linhas e rugas, especialmente do rosto (testa, \u00e1rea ao redor dos olhos que formam os \u201cp\u00e9s de galinha\u201d, regi\u00e3o da express\u00e3o de \u201czangado\u201d entre as sobrancelhas, \u201cc\u00f3digos de barras\u201d ao redor dos l\u00e1bios, rugas nasais), pesco\u00e7o e colo.\n<br\/>\u2022 Suor excessivo (hiperidrose) nas axilas e palmas das m\u00e3os\n<br\/>\u2022 Redu\u00e7\u00e3o do sorriso gengival\t\t\t\t\t\t<\/div>\n\t\t\t\t<\/div>\n\t\t\t\t\t<\/div>\n\t\t<\/div>\n\t\t\t\t\t\t\t<\/div>\n\t\t<\/section>\n\t\t\t\t<section class=\"elementor-section elementor-top-section elementor-element elementor-element-a858e72 elementor-section-content-middle elementor-section-boxed elementor-section-height-default elementor-section-height-default\" data-id=\"a858e72\" data-element_type=\"section\" data-settings=\"{&quot;background_background&quot;:&quot;classic&quot;}\">\n\t\t\t\t\t\t<div class=\"elementor-container elementor-column-gap-no\">\n\t\t\t\t\t<div class=\"elementor-column elementor-col-50 elementor-top-column elementor-element elementor-element-e12c0ce\" data-id=\"e12c0ce\" data-element_type=\"column\">\n\t\t\t<div class=\"elementor-widget-wrap elementor-element-populated\">\n\t\t\t\t\t\t\t\t<div class=\"elementor-element elementor-element-c3d0f91 elementor-widget elementor-widget-image\" data-id=\"c3d0f91\" data-element_type=\"widget\" data-widget_type=\"image.default\">\n\t\t\t\t<div class=\"elementor-widget-container\">\n\t\t\t\t\t\t\t\t\t\t\t\t\t\t\t<img loading=\"lazy\" decoding=\"async\" width=\"263\" height=\"270\" src=\"https:\/\/drasuzanacarvalho.com.br\/site\/wp-content\/uploads\/2022\/11\/d_preenchimento.jpg\" class=\"attachment-full size-full wp-image-277\" alt=\"\" \/>\t\t\t\t\t\t\t\t\t\t\t\t\t\t\t<\/div>\n\t\t\t\t<\/div>\n\t\t\t\t\t<\/div>\n\t\t<\/div>\n\t\t\t\t<div class=\"elementor-column elementor-col-50 elementor-top-column elementor-element elementor-element-278b120\" data-id=\"278b120\" data-element_type=\"column\">\n\t\t\t<div class=\"elementor-widget-wrap elementor-element-populated\">\n\t\t\t\t\t\t\t\t<div class=\"elementor-element elementor-element-5fa0757 elementor-widget elementor-widget-heading\" data-id=\"5fa0757\" data-element_type=\"widget\" data-widget_type=\"heading.default\">\n\t\t\t\t<div class=\"elementor-widget-container\">\n\t\t\t<h4 class=\"elementor-heading-title elementor-size-default\">Preenchimento<\/h4>\t\t<\/div>\n\t\t\t\t<\/div>\n\t\t\t\t<div class=\"elementor-element elementor-element-00de50f elementor-widget elementor-widget-text-editor\" data-id=\"00de50f\" data-element_type=\"widget\" data-widget_type=\"text-editor.default\">\n\t\t\t\t<div class=\"elementor-widget-container\">\n\t\t\t\t\t\t\tRealizado com \u00e1cido hialur\u00f4nico, utilizado para preencher rugas, cicatrizes e inclusive sustentar e harmonizar o rosto como um todo. Deve ser realizado por profissional habilitado para minimiza\u00e7\u00e3o dos riscos e avalia\u00e7\u00e3o de poss\u00edveis contraindica\u00e7\u00f5es.\nINDICADO PARA:\n<br\/>\u2022 Sulco que forma o \u201cbigode chin\u00eas\u201d;\n<br\/>\u2022 Sustenta\u00e7\u00e3o facial em pontos espec\u00edficos;\n<br\/>\u2022 Repor volume da ma\u00e7\u00e3 do rosto, dorso das m\u00e3os, queixo e t\u00eamporas;\n<br\/>\u2022 Melhora do aspecto de cicatrizes de acne.\t\t\t\t\t\t<\/div>\n\t\t\t\t<\/div>\n\t\t\t\t\t<\/div>\n\t\t<\/div>\n\t\t\t\t\t\t\t<\/div>\n\t\t<\/section>\n\t\t\t\t<section class=\"elementor-section elementor-top-section elementor-element elementor-element-cee6907 elementor-section-content-middle elementor-section-boxed elementor-section-height-default elementor-section-height-default\" data-id=\"cee6907\" data-element_type=\"section\" data-settings=\"{&quot;background_background&quot;:&quot;classic&quot;}\">\n\t\t\t\t\t\t<div class=\"elementor-container elementor-column-gap-no\">\n\t\t\t\t\t<div class=\"elementor-column elementor-col-50 elementor-top-column elementor-element elementor-element-5bdbfb3\" data-id=\"5bdbfb3\" data-element_type=\"column\">\n\t\t\t<div class=\"elementor-widget-wrap elementor-element-populated\">\n\t\t\t\t\t\t\t\t<div class=\"elementor-element elementor-element-fe343ad elementor-widget elementor-widget-image\" data-id=\"fe343ad\" data-element_type=\"widget\" data-widget_type=\"image.default\">\n\t\t\t\t<div class=\"elementor-widget-container\">\n\t\t\t\t\t\t\t\t\t\t\t\t\t\t\t<img loading=\"lazy\" decoding=\"async\" width=\"263\" height=\"270\" src=\"https:\/\/drasuzanacarvalho.com.br\/site\/wp-content\/uploads\/2022\/11\/d_rugasf.jpg\" class=\"attachment-full size-full wp-image-281\" alt=\"\" \/>\t\t\t\t\t\t\t\t\t\t\t\t\t\t\t<\/div>\n\t\t\t\t<\/div>\n\t\t\t\t\t<\/div>\n\t\t<\/div>\n\t\t\t\t<div class=\"elementor-column elementor-col-50 elementor-top-column elementor-element elementor-element-0190e94\" data-id=\"0190e94\" data-element_type=\"column\">\n\t\t\t<div class=\"elementor-widget-wrap elementor-element-populated\">\n\t\t\t\t\t\t\t\t<div class=\"elementor-element elementor-element-6c83432 elementor-widget elementor-widget-heading\" data-id=\"6c83432\" data-element_type=\"widget\" data-widget_type=\"heading.default\">\n\t\t\t\t<div class=\"elementor-widget-container\">\n\t\t\t<h4 class=\"elementor-heading-title elementor-size-default\">Tratamento de rugas finas<\/h4>\t\t<\/div>\n\t\t\t\t<\/div>\n\t\t\t\t<div class=\"elementor-element elementor-element-29025e8 elementor-widget elementor-widget-text-editor\" data-id=\"29025e8\" data-element_type=\"widget\" data-widget_type=\"text-editor.default\">\n\t\t\t\t<div class=\"elementor-widget-container\">\n\t\t\t\t\t\t\tO Skinbooster \u00ae \u00e9 um tratamento para suaviza\u00e7\u00e3o de rugas finas que a toxina botul\u00ednica n\u00e3o consegue mais tratar. \u00c9 composto por \u00e1cido hialur\u00f4nico muito fluido que tem alta capacidade de \u201cpuxar\u201d \u00e1gua para os tecidos, promovendo efeito preenchedor e de hidrata\u00e7\u00e3o profunda.\t\t\t\t\t\t<\/div>\n\t\t\t\t<\/div>\n\t\t\t\t\t<\/div>\n\t\t<\/div>\n\t\t\t\t\t\t\t<\/div>\n\t\t<\/section>\n\t\t\t\t<section class=\"elementor-section elementor-top-section elementor-element elementor-element-0885bd5 elementor-section-content-middle elementor-section-boxed elementor-section-height-default elementor-section-height-default\" data-id=\"0885bd5\" data-element_type=\"section\" data-settings=\"{&quot;background_background&quot;:&quot;classic&quot;}\">\n\t\t\t\t\t\t<div class=\"elementor-container elementor-column-gap-no\">\n\t\t\t\t\t<div class=\"elementor-column elementor-col-50 elementor-top-column elementor-element elementor-element-1e0649b\" data-id=\"1e0649b\" data-element_type=\"column\">\n\t\t\t<div class=\"elementor-widget-wrap elementor-element-populated\">\n\t\t\t\t\t\t\t\t<div class=\"elementor-element elementor-element-cee3edb elementor-widget elementor-widget-image\" data-id=\"cee3edb\" data-element_type=\"widget\" data-widget_type=\"image.default\">\n\t\t\t\t<div class=\"elementor-widget-container\">\n\t\t\t\t\t\t\t\t\t\t\t\t\t\t\t<img loading=\"lazy\" decoding=\"async\" width=\"263\" height=\"270\" src=\"https:\/\/drasuzanacarvalho.com.br\/site\/wp-content\/uploads\/2022\/11\/d_alopecia.jpg\" class=\"attachment-full size-full wp-image-282\" alt=\"\" \/>\t\t\t\t\t\t\t\t\t\t\t\t\t\t\t<\/div>\n\t\t\t\t<\/div>\n\t\t\t\t\t<\/div>\n\t\t<\/div>\n\t\t\t\t<div class=\"elementor-column elementor-col-50 elementor-top-column elementor-element elementor-element-31ebd5c\" data-id=\"31ebd5c\" data-element_type=\"column\">\n\t\t\t<div class=\"elementor-widget-wrap elementor-element-populated\">\n\t\t\t\t\t\t\t\t<div class=\"elementor-element elementor-element-c661487 elementor-widget elementor-widget-heading\" data-id=\"c661487\" data-element_type=\"widget\" data-widget_type=\"heading.default\">\n\t\t\t\t<div class=\"elementor-widget-container\">\n\t\t\t<h4 class=\"elementor-heading-title elementor-size-default\">Tratamento de alop\u00e9cias\n<\/h4>\t\t<\/div>\n\t\t\t\t<\/div>\n\t\t\t\t<div class=\"elementor-element elementor-element-82df6a1 elementor-widget elementor-widget-text-editor\" data-id=\"82df6a1\" data-element_type=\"widget\" data-widget_type=\"text-editor.default\">\n\t\t\t\t<div class=\"elementor-widget-container\">\n\t\t\t\t\t\t\t<p>O tratamento das alop\u00e9cias (queda de cabelo) envolve uma investiga\u00e7\u00e3o cl\u00ednica e laboratorial para determinar sua causa. Os casos de calv\u00edcie gen\u00e9tica devem ser tratados de forma cl\u00ednica mas existem tratamentos que aumentam a resposta terap\u00eautica como o MMP\u00ae capilar e a intradermoterapia. Esses tratamentos atuam com a deposi\u00e7\u00e3o de medicamentos no couro cabeludo para estimular crescimento renovos fios e iniciar a a\u00e7\u00e3o hormonal local que est\u00e1 envolvida no processo de alopecia. Mas \u00e9 essencial a avalia\u00e7\u00e3o e acompanhamento por um m\u00e9dico dermatologista.<\/p>\t\t\t\t\t\t<\/div>\n\t\t\t\t<\/div>\n\t\t\t\t\t<\/div>\n\t\t<\/div>\n\t\t\t\t\t\t\t<\/div>\n\t\t<\/section>\n\t\t\t\t<section class=\"elementor-section elementor-top-section elementor-element elementor-element-2876806 elementor-section-content-middle elementor-section-boxed elementor-section-height-default elementor-section-height-default\" data-id=\"2876806\" data-element_type=\"section\" data-settings=\"{&quot;background_background&quot;:&quot;classic&quot;}\">\n\t\t\t\t\t\t<div class=\"elementor-container elementor-column-gap-no\">\n\t\t\t\t\t<div class=\"elementor-column elementor-col-50 elementor-top-column elementor-element elementor-element-beeb148\" data-id=\"beeb148\" data-element_type=\"column\">\n\t\t\t<div class=\"elementor-widget-wrap elementor-element-populated\">\n\t\t\t\t\t\t\t\t<div class=\"elementor-element elementor-element-263b796 elementor-widget elementor-widget-image\" data-id=\"263b796\" data-element_type=\"widget\" data-widget_type=\"image.default\">\n\t\t\t\t<div class=\"elementor-widget-container\">\n\t\t\t\t\t\t\t\t\t\t\t\t\t\t\t<img loading=\"lazy\" decoding=\"async\" width=\"263\" height=\"270\" src=\"https:\/\/drasuzanacarvalho.com.br\/site\/wp-content\/uploads\/2022\/11\/d_bioestimuladores.jpg\" class=\"attachment-full size-full wp-image-283\" alt=\"\" \/>\t\t\t\t\t\t\t\t\t\t\t\t\t\t\t<\/div>\n\t\t\t\t<\/div>\n\t\t\t\t\t<\/div>\n\t\t<\/div>\n\t\t\t\t<div class=\"elementor-column elementor-col-50 elementor-top-column elementor-element elementor-element-27f0b17\" data-id=\"27f0b17\" data-element_type=\"column\">\n\t\t\t<div class=\"elementor-widget-wrap elementor-element-populated\">\n\t\t\t\t\t\t\t\t<div class=\"elementor-element elementor-element-0392940 elementor-widget elementor-widget-heading\" data-id=\"0392940\" data-element_type=\"widget\" data-widget_type=\"heading.default\">\n\t\t\t\t<div class=\"elementor-widget-container\">\n\t\t\t<h4 class=\"elementor-heading-title elementor-size-default\">Bioestimuladores Sculptra\u00ae e Radiesse\u00ae<\/h4>\t\t<\/div>\n\t\t\t\t<\/div>\n\t\t\t\t<div class=\"elementor-element elementor-element-a44d7b0 elementor-widget elementor-widget-text-editor\" data-id=\"a44d7b0\" data-element_type=\"widget\" data-widget_type=\"text-editor.default\">\n\t\t\t\t<div class=\"elementor-widget-container\">\n\t\t\t\t\t\t\tEsses tratamentos visam o est\u00edmulo da sua produ\u00e7\u00e3o de col\u00e1geno. S\u00e3o substancias injet\u00e1veis (no caso do Sculptra\u00ae \u00e9 o \u00e1cido polil\u00e1tico, e no Radiesse\u00ae, a hidroxiapatita de c\u00e1lcio) que quando colocadas em determinadas regi\u00f5es da face passam a estimular seu organismo a produzir col\u00e1geno nas \u00e1reas onde o produto foi injetado, promovendo maior sustenta\u00e7\u00e3o e firmeza na pele.\nO n\u00famero de sess\u00f5es varia de acordo com a indica\u00e7\u00e3o do paciente, e o efeito \u00e9 prolongado, podendo durar at\u00e9 2 anos.\n<br\/>\u2022 Tratamento de sardas brancas (leucodermia gutata): As famosas \u201csardas brancas\u201d surgem por dano solar acumulado ao longo dos anos, al\u00e9m do fator gen\u00e9tico. Atualmente podemos suaviz\u00e1-las com MMP\u00ae, atrav\u00e9s de aplica\u00e7\u00f5es de medicamento espec\u00edfico sobre as les\u00f5es.\n<br\/>\u2022 Laser: Os tratamentos a laser s\u00e3o diversos, havendo tecnologias diferentes que podem ser \u00fateis para m\u00faltiplas queixas. Em nosso consult\u00f3rio realizamos laser para tratamento de rugas, est\u00edmulo de col\u00e1geno, cicatrizes de acne e manchas.\t\t\t\t\t\t<\/div>\n\t\t\t\t<\/div>\n\t\t\t\t\t<\/div>\n\t\t<\/div>\n\t\t\t\t\t\t\t<\/div>\n\t\t<\/section>\n\t\t\t\t\t\t\t<\/div>\n\t\t","protected":false},"excerpt":{"rendered":"<p>Procedimentos Est\u00e9ticos Toxina botul\u00ednica Realizada para paralisar m\u00fasculos espec\u00edficos que contribuem para a forma\u00e7\u00e3o de rugas. Quando aplicado com t\u00e9cnica correta e sem exageros, fica natural e previne forma\u00e7\u00e3o das linhas de express\u00e3o, al\u00e9m de promover aquele aspecto de rosto descansado. \u00c9 um m\u00e9todo com efeito r\u00e1pido (in\u00edcio em 3 dias), seguro, e em geral [&hellip;]<\/p>\n","protected":false},"author":1,"featured_media":0,"parent":0,"menu_order":0,"comment_status":"closed","ping_status":"closed","template":"","meta":{"footnotes":""},"class_list":["post-260","page","type-page","status-publish","hentry"],"_links":{"self":[{"href":"https:\/\/drasuzanacarvalho.com.br\/site\/wp-json\/wp\/v2\/pages\/260","targetHints":{"allow":["GET"]}}],"collection":[{"href":"https:\/\/drasuzanacarvalho.com.br\/site\/wp-json\/wp\/v2\/pages"}],"about":[{"href":"https:\/\/drasuzanacarvalho.com.br\/site\/wp-json\/wp\/v2\/types\/page"}],"author":[{"embeddable":true,"href":"https:\/\/drasuzanacarvalho.com.br\/site\/wp-json\/wp\/v2\/users\/1"}],"replies":[{"embeddable":true,"href":"https:\/\/drasuzanacarvalho.com.br\/site\/wp-json\/wp\/v2\/comments?post=260"}],"version-history":[{"count":34,"href":"https:\/\/drasuzanacarvalho.com.br\/site\/wp-json\/wp\/v2\/pages\/260\/revisions"}],"predecessor-version":[{"id":429,"href":"https:\/\/drasuzanacarvalho.com.br\/site\/wp-json\/wp\/v2\/pages\/260\/revisions\/429"}],"wp:attachment":[{"href":"https:\/\/drasuzanacarvalho.com.br\/site\/wp-json\/wp\/v2\/media?parent=260"}],"curies":[{"name":"wp","href":"https:\/\/api.w.org\/{rel}","templated":true}]}}